


{"id":23225,"date":"2023-08-21T13:42:04","date_gmt":"2023-08-21T11:42:04","guid":{"rendered":"https:\/\/www.aspiravi.com\/?page_id=23225"},"modified":"2025-12-17T18:00:45","modified_gmt":"2025-12-17T17:00:45","slug":"disclaimer","status":"publish","type":"page","link":"https:\/\/www.aspiravi.com\/fr\/disclaimer\/","title":{"rendered":"Disclaimer"},"content":{"rendered":"<p><strong>Champ d\u2019application et coordonn\u00e9es<\/strong><\/p>\n<p>Le pr\u00e9sent Avis de non-responsabilit\u00e9 s\u2019applique \u00e0 votre utilisation du Site web <a href=\"https:\/\/www.aspiravi.com\/fr\/\">www.aspiravi.com<\/a>, exploit\u00e9 par Aspiravi (ci-apr\u00e8s le \u00ab\u00a0<strong>Site web<\/strong>\u00a0\u00bb).<\/p>\n<p>Le Site web est la propri\u00e9t\u00e9 d\u2019Aspiravi, une soci\u00e9t\u00e9 anonyme de droit belge, dont le si\u00e8ge est \u00e9tabli \u00e0 President Kennedypark 8A bus 1, 8500 Kortrijk, BELGIQUE, et enregistr\u00e9e sous le num\u00e9ro d\u2019entreprise 0477.518.825 (\u00ab <strong>Aspiravi<\/strong>\u00a0\u00bb).<\/p>\n<p>Avant d\u2019utiliser le Site web, vous \u00eates pri\u00e9 de lire attentivement le pr\u00e9sent Avis de non-responsabilit\u00e9, notre Politique en mati\u00e8re de respect de la vie priv\u00e9e (<a href=\"https:\/\/www.aspiravi.com\/fr\/politique-de-confidentialite\/\">https:\/\/www.aspiravi.com\/fr\/politique-de-confidentialite\/<\/a>) et notre Politique en mati\u00e8re de cookies (https:\/\/www.aspiravi.com\/cookie-policy). En consultant ou en utilisant le Site web, vous d\u00e9clarez accepter express\u00e9ment le contenu du pr\u00e9sent Avis de non-responsabilit\u00e9, de la Politique en mati\u00e8re de respect de la vie priv\u00e9e et de la Politique en mati\u00e8re de cookies. Si, \u00e0 la lecture du pr\u00e9sent Avis de non-responsabilit\u00e9, de notre Politique en mati\u00e8re de respect de la vie priv\u00e9e \u00a0et\/ou de notre Politique en mati\u00e8re de cookies, vous n\u2019\u00eates pas d\u2019accord avec leur contenu, vous \u00eates pri\u00e9 de ne plus utiliser le Site web.<\/p>\n<p>Pour de plus amples informations ou formuler des remarques, veuillez contacter Aspiravi \u00e0 l\u2019adresse ci-dessus ou via info@aspiravi.com.<\/p>\n<p><strong>Nature de l\u2019information<\/strong><\/p>\n<p>Les informations figurant sur le Site web sont de nature g\u00e9n\u00e9rale. Le visiteur\/utilisateur ne peut puiser aucun droit de ces informations. Sauf mention contraire, les informations fournies sur le Site web ne constituent en aucune mani\u00e8re une offre de services et\/ou de produits.<\/p>\n<p><strong>Utilisation du Site web <\/strong><\/p>\n<p>Les visiteurs\/utilisateurs ne peuvent pas utiliser le Site web \u00e0 des fins ill\u00e9gales ou commerciales. Ils ne peuvent utiliser le Site web que pour recueillir des informations utiles sur Aspiravi.<\/p>\n<p>Il est interdit aux visiteurs\/utilisateurs d\u2019utiliser des logiciels ou d\u2019autres moyens (techniques ou autres) pour surveiller ou copier le Site web ou son contenu, pour perturber, interrompre ou g\u00eaner le fonctionnement du Site web (par exemple au moyen de virus informatiques), ou pour surcharger volontairement le Site web ou en perturber l\u2019efficacit\u00e9 ou la fonctionnalit\u00e9. Il vous est \u00e9galement interdit de t\u00e9l\u00e9charger ou d\u2019envoyer de quelque mani\u00e8re que ce soit tout mat\u00e9riel diffamatoire, insultant, obsc\u00e8ne, susceptible de causer des ennuis ou des d\u00e9sagr\u00e9ments, qui est inutilement blessant ou qui porte atteinte aux droits d\u2019autrui. Toute utilisation non autoris\u00e9e du Site web en violation de la l\u00e9gislation applicable ou du pr\u00e9sent Avis de non-responsabilit\u00e9 fera l\u2019objet de poursuites et de sanctions.<\/p>\n<p><strong>Responsabilit\u00e9 d\u2019Aspiravi <\/strong><\/p>\n<ol>\n<li><em><strong> Contenu du Site web<\/strong><\/em><\/li>\n<\/ol>\n<p>De gros efforts sont consentis pour s\u2019assurer que les informations fournies sur le Site web soient compl\u00e8tes, exactes, pr\u00e9cises et mises \u00e0 jour. Toutefois, malgr\u00e9 ces efforts, des inexactitudes peuvent appara\u00eetre sur le Site web. Le Site web est mis \u00e0 disposition en l\u2019\u00e9tat et toute utilisation des informations sur le Site web se fait aux propres risques du visiteur\/de l\u2019utilisateur. Aspiravi invite les visiteurs\/utilisateurs \u00e0 signaler toute impr\u00e9cision ou inexactitude qu\u2019ils pourraient constater en utilisant les coordonn\u00e9es ci-dessus. Toutes les mesures raisonnables seront alors prises pour corriger les impr\u00e9cisions ou les inexactitudes dans les meilleurs d\u00e9lais.<\/p>\n<p>Aspiravi ne peut en aucun cas \u00eatre tenue responsable, directement ou indirectement, de mani\u00e8re g\u00e9n\u00e9rale ou sp\u00e9cifique, de tout dommage d\u00fb \u00e0 l\u2019utilisation du Site web ou d\u2019autres sites vers lesquels des hyperliens sont fournis. Aspiravi n\u2019est pas non plus responsable de tout dommage r\u00e9sultant d\u2019\u00e9ventuels dysfonctionnements, erreurs ou interruptions de ce Site web. Les visiteurs\/utilisateurs reconnaissent que le contenu du Site web peut \u00eatre adapt\u00e9, modifi\u00e9 ou compl\u00e9t\u00e9 \u00e0 tout moment sans annonce ni notification.<\/p>\n<ol start=\"2\">\n<li><em><strong> Fonctionnalit\u00e9 du Site web<\/strong><\/em><\/li>\n<\/ol>\n<p>Aspiravi fournira tous les efforts raisonnables pour entretenir le Site web et s\u2019efforcera de fournir la fonctionnalit\u00e9 du Site web au mieux de ses capacit\u00e9s. Toutes les mesures techniques de s\u00e9curit\u00e9 n\u00e9cessaires sont \u00e9galement prises \u00e0 cet effet.<\/p>\n<p>Le Site web est \u00e9videmment susceptible d\u2019\u00eatre modifi\u00e9 de temps \u00e0 autre. Aspiravi se r\u00e9serve le droit d\u2019adapter ou de retirer le Site web (ou une partie de celui-ci, y compris toutes les fonctionnalit\u00e9s) temporairement ou d\u00e9finitivement, sans pouvoir en \u00eatre tenue responsable. Les visiteurs\/utilisateurs n\u2019auront pas droit \u00e0 une quelconque indemnisation s\u2019ils ne peuvent pas utiliser le Site web (ou une partie de celui-ci) pour quelque raison que ce soit en raison d\u2019un d\u00e9faut, d\u2019un dysfonctionnement ou d\u2019un retrait.<\/p>\n<ol start=\"3\">\n<li><em><strong> Limitation de responsabilit\u00e9<\/strong><\/em><\/li>\n<\/ol>\n<p>Aspiravi ne pourra pas \u00eatre tenue responsable de toute action, omission ou n\u00e9gligence de tiers (par exemple d\u2019autres utilisateurs ou partenaires publicitaires) sur le Site web ou en relation avec celui-ci, ni des produits ou services offerts sur tout autre site web auquel le Site web renvoie ou qui est li\u00e9 d\u2019une mani\u00e8re ou d\u2019une autre au Site web. Toute plainte \u00e0 cet \u00e9gard doit donc \u00eatre adress\u00e9e directement \u00e0 ce tiers, et non \u00e0 Aspiravi.<\/p>\n<p>Aspiravi ne sera responsable que de tout dommage caus\u00e9 par le contenu ou le fonctionnement du Site web conform\u00e9ment aux dispositions l\u00e9gales applicables : (i) en cas de d\u00e9c\u00e8s ou de dommage corporel caus\u00e9 par une faute intentionnelle ou une n\u00e9gligence dans le chef d\u2019Aspiravi, ou (ii) en cas de tout dommage caus\u00e9 par une faute intentionnelle, une fraude ou une tromperie dans le chef d\u2019Aspiravi, ou en cas de faute grave.<\/p>\n<p>En tout \u00e9tat de cause, Aspiravi ne sera responsable que de tout dommage direct, \u00e0 l\u2019exclusion de tout dommage indirect ou cons\u00e9cutif qui pourrait survenir (y compris, mais sans s\u2019y limiter, la perte de revenus, le manque \u00e0 gagner ou les pertes financi\u00e8res pures).<\/p>\n<p>Aspiravi ne sera en aucun cas responsable des cas de force majeure, y compris, mais sans s\u2019y limiter, les catastrophes naturelles, les \u00e9meutes, les guerres et les op\u00e9rations militaires, les urgences nationales ou locales ou les intemp\u00e9ries, les actes ou omissions du gouvernement, les conflits \u00e9conomiques de toute nature, les actions des travailleurs, les incendies, les pannes de t\u00e9l\u00e9communications, les bogues dans les logiciels de tiers, ainsi que tout acte ou omission de toute personne ou entit\u00e9 \u00e9chappant au contr\u00f4le raisonnable d\u2019Aspiravi.<\/p>\n<p><strong>Propri\u00e9t\u00e9 intellectuelle<\/strong><\/p>\n<p>Tous les textes, mises en page, images, photos et logos utilis\u00e9s sur ce Site web, ainsi que le logiciel utilis\u00e9 pour le fonctionnement du Site web, sont prot\u00e9g\u00e9s par les droits d\u2019auteur et\/ou des marques. Le Site web est destin\u00e9 \u00e0 l\u2019usage personnel des visiteurs\/utilisateurs. Il est interdit de reproduire les pages web autrement qu\u2019en t\u00e9l\u00e9chargeant et en regardant les informations sur un ordinateur et\/ou en les imprimant sur un support durable, dans le cadre d\u2019une utilisation normale du Site web. Il est interdit de (r\u00e9)utiliser ou de reproduire de quelque mani\u00e8re que ce soit le contenu des droits d\u2019auteur et\/ou des marques de ce Site web, y compris les donn\u00e9es, les images, les textes, les sons, les logos, etc. ou de supprimer ou d\u2019adapter quelque peu les indications de propri\u00e9t\u00e9 intellectuelle sans le consentement expr\u00e8s, \u00e9crit et pr\u00e9alable d\u2019Aspiravi. La publication de liens profonds vers ce Site web sur d\u2019autres pages web ou le cadrage de ce Site web sur d\u2019autres pages web est en tout \u00e9tat de cause interdite sans le consentement expr\u00e8s, \u00e9crit et pr\u00e9alable d\u2019Aspiravi.<\/p>\n<p><strong>Liens vers\/depuis des sites web de tiers<\/strong><\/p>\n<p>Le Site web contient des liens vers des sites web de tiers. Aspiravi n\u2019a aucun contr\u00f4le sur le contenu de tels sites web et ne peut donc pas \u00eatre tenue responsable de leur contenu, de leur fonctionnement ou de leur politique de confidentialit\u00e9. En cas de dommage r\u00e9sultant de la visite de sites web de tiers, seul l\u2019auteur des pages web concern\u00e9es peut \u00eatre tenu responsable.<\/p>\n<p>Il est \u00e9galement possible que d\u2019autres sites web contiennent un lien vers le Site web. Toutefois, cela ne signifie pas qu\u2019Aspiravi a un contr\u00f4le sur (le contenu de) ces sites web. Aspiravi ne peut \u00eatre tenue responsable du contenu, du fonctionnement ou de la politique en mati\u00e8re de respect de la vie priv\u00e9e de tels sites web.<\/p>\n<p><strong>Modifications<\/strong><\/p>\n<p>Aspiravi se r\u00e9serve toujours le droit de modifier de temps \u00e0 autre le pr\u00e9sent Avis de non-responsabilit\u00e9. Il rel\u00e8ve de la responsabilit\u00e9 du visiteur\/de l\u2019utilisateur du Site web de consulter r\u00e9guli\u00e8rement l\u2019Avis de non-responsabilit\u00e9 applicable et d\u2019en respecter la derni\u00e8re version. S\u2019il continue \u00e0 utiliser le Site web (ou une partie de celui-ci) apr\u00e8s l\u2019entr\u00e9e en vigueur d\u2019une modification, il est r\u00e9put\u00e9 avoir accept\u00e9 l\u2019Avis de non-responsabilit\u00e9 modifi\u00e9e.<\/p>\n<p>Le pr\u00e9sent Avis de non-responsabilit\u00e9 a \u00e9t\u00e9 modifi\u00e9 pour la derni\u00e8re fois le 23 janvier 2024.<\/p>\n<p>Les nouvelles fonctionnalit\u00e9s du Site web sont automatiquement soumises au pr\u00e9sent Avis de non-responsabilit\u00e9.<\/p>\n<p><strong>Droit applicable et tribunaux comp\u00e9tents<\/strong><\/p>\n<p>Le pr\u00e9sent Avis de non-responsabilit\u00e9 est r\u00e9gi par le droit belge et doit \u00eatre interpr\u00e9t\u00e9 et appliqu\u00e9 comme tel. Aucune suite ne sera donn\u00e9e \u00e0 tout autre choix de droit qui entra\u00eenerait l\u2019application de la l\u00e9gislation d\u2019un autre pays, sans pr\u00e9judice des dispositions imp\u00e9ratives relatives aux contrats avec les consommateurs.<\/p>\n<p>En cas de litige concernant la validit\u00e9, l\u2019interpr\u00e9tation, l\u2019application et\/ou l\u2019ex\u00e9cution du pr\u00e9sent Avis de non-confidentialit\u00e9, les tribunaux de Courtrai (Belgique) sont exclusivement comp\u00e9tents, sans pr\u00e9judice des dispositions imp\u00e9ratives relatives aux contrats avec les consommateurs.<\/p>\n<p>&nbsp;<\/p>\n","protected":false},"excerpt":{"rendered":"<p>Champ d\u2019application et coordonn\u00e9es Le pr\u00e9sent Avis de non-responsabilit\u00e9 s\u2019applique \u00e0 votre utilisation du Site web www.aspiravi.com, exploit\u00e9 par Aspiravi (ci-apr\u00e8s le \u00ab\u00a0Site web\u00a0\u00bb). Le Site web est la propri\u00e9t\u00e9 [&hellip;]<\/p>\n","protected":false},"author":5,"featured_media":0,"parent":0,"menu_order":0,"comment_status":"closed","ping_status":"closed","template":"page-templates\/template-legal.php","meta":{"_acf_changed":false,"footnotes":""},"class_list":["post-23225","page","type-page","status-publish","hentry"],"acf":[],"yoast_head":"<!-- This site is optimized with the Yoast SEO plugin v27.3 - https:\/\/yoast.com\/product\/yoast-seo-wordpress\/ -->\n<title>Disclaimer | Aspiravi<\/title>\n<meta name=\"robots\" content=\"index, follow, max-snippet:-1, max-image-preview:large, max-video-preview:-1\" \/>\n<link rel=\"canonical\" href=\"https:\/\/www.aspiravi.com\/fr\/disclaimer\/\" \/>\n<meta property=\"og:locale\" content=\"fr_FR\" \/>\n<meta property=\"og:type\" content=\"article\" \/>\n<meta property=\"og:title\" content=\"Disclaimer | Aspiravi\" \/>\n<meta property=\"og:description\" content=\"Champ d\u2019application et coordonn\u00e9es Le pr\u00e9sent Avis de non-responsabilit\u00e9 s\u2019applique \u00e0 votre utilisation du Site web www.aspiravi.com, exploit\u00e9 par Aspiravi (ci-apr\u00e8s le \u00ab\u00a0Site web\u00a0\u00bb). Le Site web est la propri\u00e9t\u00e9 [&hellip;]\" \/>\n<meta property=\"og:url\" content=\"https:\/\/www.aspiravi.com\/fr\/disclaimer\/\" \/>\n<meta property=\"og:site_name\" content=\"Aspiravi\" \/>\n<meta property=\"article:modified_time\" content=\"2025-12-17T17:00:45+00:00\" \/>\n<meta property=\"og:image\" content=\"https:\/\/www.aspiravi.com\/wp-content\/uploads\/2024\/01\/OG.jpg\" \/>\n\t<meta property=\"og:image:width\" content=\"2400\" \/>\n\t<meta property=\"og:image:height\" content=\"1350\" \/>\n\t<meta property=\"og:image:type\" content=\"image\/jpeg\" \/>\n<meta name=\"twitter:card\" content=\"summary_large_image\" \/>\n<meta name=\"twitter:label1\" content=\"Est. reading time\" \/>\n\t<meta name=\"twitter:data1\" content=\"7 minutes\" \/>\n<script type=\"application\/ld+json\" class=\"yoast-schema-graph\">{\"@context\":\"https:\\\/\\\/schema.org\",\"@graph\":[{\"@type\":\"WebPage\",\"@id\":\"https:\\\/\\\/www.aspiravi.com\\\/fr\\\/disclaimer\\\/\",\"url\":\"https:\\\/\\\/www.aspiravi.com\\\/fr\\\/disclaimer\\\/\",\"name\":\"Disclaimer | Aspiravi\",\"isPartOf\":{\"@id\":\"https:\\\/\\\/www.aspiravi.com\\\/fr\\\/#website\"},\"datePublished\":\"2023-08-21T11:42:04+00:00\",\"dateModified\":\"2025-12-17T17:00:45+00:00\",\"breadcrumb\":{\"@id\":\"https:\\\/\\\/www.aspiravi.com\\\/fr\\\/disclaimer\\\/#breadcrumb\"},\"inLanguage\":\"fr-FR\",\"potentialAction\":[{\"@type\":\"ReadAction\",\"target\":[\"https:\\\/\\\/www.aspiravi.com\\\/fr\\\/disclaimer\\\/\"]}]},{\"@type\":\"BreadcrumbList\",\"@id\":\"https:\\\/\\\/www.aspiravi.com\\\/fr\\\/disclaimer\\\/#breadcrumb\",\"itemListElement\":[{\"@type\":\"ListItem\",\"position\":1,\"name\":\"Home\",\"item\":\"https:\\\/\\\/www.aspiravi.com\\\/fr\\\/\"},{\"@type\":\"ListItem\",\"position\":2,\"name\":\"Disclaimer\"}]},{\"@type\":\"WebSite\",\"@id\":\"https:\\\/\\\/www.aspiravi.com\\\/fr\\\/#website\",\"url\":\"https:\\\/\\\/www.aspiravi.com\\\/fr\\\/\",\"name\":\"Aspiravi\",\"description\":\"Jouw partner in 100% hernieuwbare energie\",\"publisher\":{\"@id\":\"https:\\\/\\\/www.aspiravi.com\\\/fr\\\/#organization\"},\"potentialAction\":[{\"@type\":\"SearchAction\",\"target\":{\"@type\":\"EntryPoint\",\"urlTemplate\":\"https:\\\/\\\/www.aspiravi.com\\\/fr\\\/?s={search_term_string}\"},\"query-input\":{\"@type\":\"PropertyValueSpecification\",\"valueRequired\":true,\"valueName\":\"search_term_string\"}}],\"inLanguage\":\"fr-FR\"},{\"@type\":\"Organization\",\"@id\":\"https:\\\/\\\/www.aspiravi.com\\\/fr\\\/#organization\",\"name\":\"Aspiravi\",\"url\":\"https:\\\/\\\/www.aspiravi.com\\\/fr\\\/\",\"logo\":{\"@type\":\"ImageObject\",\"inLanguage\":\"fr-FR\",\"@id\":\"https:\\\/\\\/www.aspiravi.com\\\/fr\\\/#\\\/schema\\\/logo\\\/image\\\/\",\"url\":\"https:\\\/\\\/www.aspiravi.com\\\/wp-content\\\/uploads\\\/2023\\\/08\\\/logo-aspiravi.svg\",\"contentUrl\":\"https:\\\/\\\/www.aspiravi.com\\\/wp-content\\\/uploads\\\/2023\\\/08\\\/logo-aspiravi.svg\",\"width\":1,\"height\":1,\"caption\":\"Aspiravi\"},\"image\":{\"@id\":\"https:\\\/\\\/www.aspiravi.com\\\/fr\\\/#\\\/schema\\\/logo\\\/image\\\/\"},\"sameAs\":[\"https:\\\/\\\/www.linkedin.com\\\/company\\\/aspiravi\\\/\",\"https:\\\/\\\/www.instagram.com\\\/aspiravi.be\\\/\"]}]}<\/script>\n<!-- \/ Yoast SEO plugin. -->","yoast_head_json":{"title":"Disclaimer | Aspiravi","robots":{"index":"index","follow":"follow","max-snippet":"max-snippet:-1","max-image-preview":"max-image-preview:large","max-video-preview":"max-video-preview:-1"},"canonical":"https:\/\/www.aspiravi.com\/fr\/disclaimer\/","og_locale":"fr_FR","og_type":"article","og_title":"Disclaimer | Aspiravi","og_description":"Champ d\u2019application et coordonn\u00e9es Le pr\u00e9sent Avis de non-responsabilit\u00e9 s\u2019applique \u00e0 votre utilisation du Site web www.aspiravi.com, exploit\u00e9 par Aspiravi (ci-apr\u00e8s le \u00ab\u00a0Site web\u00a0\u00bb). Le Site web est la propri\u00e9t\u00e9 [&hellip;]","og_url":"https:\/\/www.aspiravi.com\/fr\/disclaimer\/","og_site_name":"Aspiravi","article_modified_time":"2025-12-17T17:00:45+00:00","og_image":[{"width":2400,"height":1350,"url":"https:\/\/www.aspiravi.com\/wp-content\/uploads\/2024\/01\/OG.jpg","type":"image\/jpeg"}],"twitter_card":"summary_large_image","twitter_misc":{"Est. reading time":"7 minutes"},"schema":{"@context":"https:\/\/schema.org","@graph":[{"@type":"WebPage","@id":"https:\/\/www.aspiravi.com\/fr\/disclaimer\/","url":"https:\/\/www.aspiravi.com\/fr\/disclaimer\/","name":"Disclaimer | Aspiravi","isPartOf":{"@id":"https:\/\/www.aspiravi.com\/fr\/#website"},"datePublished":"2023-08-21T11:42:04+00:00","dateModified":"2025-12-17T17:00:45+00:00","breadcrumb":{"@id":"https:\/\/www.aspiravi.com\/fr\/disclaimer\/#breadcrumb"},"inLanguage":"fr-FR","potentialAction":[{"@type":"ReadAction","target":["https:\/\/www.aspiravi.com\/fr\/disclaimer\/"]}]},{"@type":"BreadcrumbList","@id":"https:\/\/www.aspiravi.com\/fr\/disclaimer\/#breadcrumb","itemListElement":[{"@type":"ListItem","position":1,"name":"Home","item":"https:\/\/www.aspiravi.com\/fr\/"},{"@type":"ListItem","position":2,"name":"Disclaimer"}]},{"@type":"WebSite","@id":"https:\/\/www.aspiravi.com\/fr\/#website","url":"https:\/\/www.aspiravi.com\/fr\/","name":"Aspiravi","description":"Jouw partner in 100% hernieuwbare energie","publisher":{"@id":"https:\/\/www.aspiravi.com\/fr\/#organization"},"potentialAction":[{"@type":"SearchAction","target":{"@type":"EntryPoint","urlTemplate":"https:\/\/www.aspiravi.com\/fr\/?s={search_term_string}"},"query-input":{"@type":"PropertyValueSpecification","valueRequired":true,"valueName":"search_term_string"}}],"inLanguage":"fr-FR"},{"@type":"Organization","@id":"https:\/\/www.aspiravi.com\/fr\/#organization","name":"Aspiravi","url":"https:\/\/www.aspiravi.com\/fr\/","logo":{"@type":"ImageObject","inLanguage":"fr-FR","@id":"https:\/\/www.aspiravi.com\/fr\/#\/schema\/logo\/image\/","url":"https:\/\/www.aspiravi.com\/wp-content\/uploads\/2023\/08\/logo-aspiravi.svg","contentUrl":"https:\/\/www.aspiravi.com\/wp-content\/uploads\/2023\/08\/logo-aspiravi.svg","width":1,"height":1,"caption":"Aspiravi"},"image":{"@id":"https:\/\/www.aspiravi.com\/fr\/#\/schema\/logo\/image\/"},"sameAs":["https:\/\/www.linkedin.com\/company\/aspiravi\/","https:\/\/www.instagram.com\/aspiravi.be\/"]}]}},"_links":{"self":[{"href":"https:\/\/www.aspiravi.com\/fr\/wp-json\/wp\/v2\/pages\/23225","targetHints":{"allow":["GET"]}}],"collection":[{"href":"https:\/\/www.aspiravi.com\/fr\/wp-json\/wp\/v2\/pages"}],"about":[{"href":"https:\/\/www.aspiravi.com\/fr\/wp-json\/wp\/v2\/types\/page"}],"author":[{"embeddable":true,"href":"https:\/\/www.aspiravi.com\/fr\/wp-json\/wp\/v2\/users\/5"}],"replies":[{"embeddable":true,"href":"https:\/\/www.aspiravi.com\/fr\/wp-json\/wp\/v2\/comments?post=23225"}],"version-history":[{"count":1,"href":"https:\/\/www.aspiravi.com\/fr\/wp-json\/wp\/v2\/pages\/23225\/revisions"}],"predecessor-version":[{"id":27954,"href":"https:\/\/www.aspiravi.com\/fr\/wp-json\/wp\/v2\/pages\/23225\/revisions\/27954"}],"wp:attachment":[{"href":"https:\/\/www.aspiravi.com\/fr\/wp-json\/wp\/v2\/media?parent=23225"}],"curies":[{"name":"wp","href":"https:\/\/api.w.org\/{rel}","templated":true}]}}