


{"id":23209,"date":"2023-07-19T14:05:53","date_gmt":"2023-07-19T12:05:53","guid":{"rendered":"https:\/\/www.aspiravi.com\/?page_id=23209"},"modified":"2025-12-17T17:58:44","modified_gmt":"2025-12-17T16:58:44","slug":"politique-de-confidentialite","status":"publish","type":"page","link":"https:\/\/www.aspiravi.com\/fr\/politique-de-confidentialite\/","title":{"rendered":"Politique en mati\u00e8re de respect de la vie priv\u00e9e"},"content":{"rendered":"<p>Votre vie priv\u00e9e rev\u00eat une importance essentielle pour nous. En visitant et\/ou en utilisant ce site internet, vous fournissez des donn\u00e9es \u00e0 caract\u00e8re personnel comme expliqu\u00e9 plus en d\u00e9tail ci-dessous. Aspiravi S.A. entend traiter vos donn\u00e9es \u00e0 caract\u00e8re personnel de mani\u00e8re l\u00e9gale, appropri\u00e9e et transparente, conform\u00e9ment au cadre l\u00e9gal en vigueur, comme la Loi belge sur la protection de la vie priv\u00e9e du 8 d\u00e9cembre 1992 et le R\u00e8glement g\u00e9n\u00e9ral sur la Protection des Donn\u00e9es europ\u00e9en du 27 avril 2016.<\/p>\n<p>Vous d\u00e9clarez avoir pris connaissance de la pr\u00e9sente politique en mati\u00e8re de respect de la vie priv\u00e9e et accepter par cons\u00e9quent le traitement de vos donn\u00e9es \u00e0 caract\u00e8re personnel qui y est d\u00e9crit.<\/p>\n<p>Dans cette politique en mati\u00e8re de respect de la vie priv\u00e9e, nous expliquons quelles donn\u00e9es \u00e0 caract\u00e8re personnel vous concernant Aspiravi S.A. collecte, utilise, traite et\/ou transf\u00e8re.<\/p>\n<h2>Quelles donn\u00e9es \u00e0 caract\u00e8re personnel collectons et traitons-nous ?<\/h2>\n<p>Les donn\u00e9es \u00e0 caract\u00e8re personnel demand\u00e9es, collect\u00e9es et trait\u00e9es peuvent comprendre les cat\u00e9gories de donn\u00e9es suivantes : nom, pr\u00e9nom, rue, num\u00e9ro, commune, pays, entreprise, num\u00e9ro de t\u00e9l\u00e9phone, adresse \u00e9lectronique et adresse IP.<\/p>\n<h2>Qui traite vos donn\u00e9es \u00e0 caract\u00e8re personnel ?<\/h2>\n<p>Vos donn\u00e9es \u00e0 caract\u00e8re personnel sont trait\u00e9es par Aspiravi S.A., une soci\u00e9t\u00e9 anonyme de droit belge, ayant son si\u00e8ge social President Kennedypark 8A bus 1, 8500 Kortrijk, BELGIQUE et enregistr\u00e9e sous le num\u00e9ro d&#8217;entreprise 0477.518.825 (\u00ab Aspiravi S.A. \u00bb).<\/p>\n<h2>Sur quelle base juridique vos donn\u00e9es sont-elles trait\u00e9es ?<\/h2>\n<p>Aspiravi S.A. traite vos donn\u00e9es \u00e0 caract\u00e8re personnel collect\u00e9es via le site internet sur la base (I) de votre acceptation de la pr\u00e9sente politique en mati\u00e8re de respect de la vie priv\u00e9e et\/ou (II) de la pr\u00e9paration et l&#8217;ex\u00e9cution du contrat conclu entre vous et Aspiravi S.A. par l&#8217;interm\u00e9diaire du site internet et\/ou (III) du respect de nos obligations l\u00e9gales et\/ou (IV) de la d\u00e9fense des int\u00e9r\u00eats l\u00e9gitimes d&#8217;Aspiravi S.A., tels que le marketing direct, la pr\u00e9vention de la fraude, la gestion de l&#8217;administration interne ou l&#8217;assurance d&#8217;une s\u00e9curit\u00e9 ad\u00e9quate du r\u00e9seau ou des informations.<\/p>\n<h2>Comment les donn\u00e9es \u00e0 caract\u00e8re personnel sont-elles collect\u00e9es ?<\/h2>\n<p>Aspiravi S.A. obtient les donn\u00e9es \u00e0 caract\u00e8re personnel de la personne concern\u00e9e en tant que visiteur, du fait qu&#8217;elle compl\u00e8te un formulaire d&#8217;inscription ou de contact en ligne, d&#8217;une part, et par l&#8217;entremise de diff\u00e9rents moyens techniques utilis\u00e9s par le site internet en vue d&#8217;optimiser l&#8217;exp\u00e9rience utilisateur et visiteur et d\u00e9tecter d&#8217;\u00e9ventuelles erreurs (techniques) dans le site internet, d&#8217;autre part.<\/p>\n<h2>\u00c0 quelles fins les donn\u00e9es \u00e0 caract\u00e8re personnel sont-elles collect\u00e9es et trait\u00e9es ?<\/h2>\n<p>Aspiravi S.A. collecte et traite les donn\u00e9es \u00e0 caract\u00e8re personnel en premier lieu dans le but d&#8217;informer les int\u00e9ress\u00e9s des d\u00e9veloppements pertinents li\u00e9s \u00e0 l&#8217;entreprise. Les donn\u00e9es \u00e0 caract\u00e8re personnel sont \u00e9galement collect\u00e9es et trait\u00e9es dans le cadre des activit\u00e9s suivantes :<\/p>\n<ul>\n<li>Le traitement des donn\u00e9es \u00e0 des fins de marketing, de relations publiques et de prospection ;<\/li>\n<li>L&#8217;exp\u00e9dition d&#8217;un bulletin d&#8217;information, dont vous pouvez \u00e0 tout moment vous d\u00e9sinscrire ;<\/li>\n<li>L&#8217;analyse des donn\u00e9es \u00e0 caract\u00e8re personnel \u00e0 des fins statistiques ; lorsque vous consultez notre site internet, les donn\u00e9es suivantes notamment sont collect\u00e9es : adresse IP, navigateur et syst\u00e8me d\u2019exploitation, date et dur\u00e9e de la visite, site internet ext\u00e9rieur qui vous a renvoy\u00e9 vers le site internet d&#8217;Aspiravi et les pages que vous visitez sur le site internet d&#8217;Aspiravi (voir la politique en mati\u00e8re de cookies).<\/li>\n<li>Pour satisfaire \u00e0 des obligations l\u00e9gales ;<\/li>\n<li>Le traitement de questions, communications, plaintes ou requ\u00eates re\u00e7ues par Aspiravi via le formulaire de contact en ligne sur ce site internet.<\/li>\n<\/ul>\n<p>Vos donn\u00e9es \u00e0 caract\u00e8re personnel sont conserv\u00e9es par Aspiravi S.A. pendant la dur\u00e9e n\u00e9cessaire aux fins d\u00e9crites ci-dessus. Les donn\u00e9es \u00e0 caract\u00e8re personnel ne sont pas conserv\u00e9es plus longtemps que n\u00e9cessaire. Les donn\u00e9es \u00e0 caract\u00e8re personnel sont d\u00e9truites \u00e0 l&#8217;expiration de ce d\u00e9lai.<\/p>\n<h2>Les donn\u00e9es \u00e0 caract\u00e8re personnel sont-elles communiqu\u00e9es \u00e0 des tiers ?<\/h2>\n<p>Aspiravi S.A. peut communiquer vos donn\u00e9es \u00e0 caract\u00e8re personnel \u00e0 d&#8217;autres entit\u00e9s, directement ou indirectement li\u00e9es \u00e0 Aspiravi S.A., \u00e0 des soci\u00e9t\u00e9s qui lui sont contractuellement li\u00e9es ou qui traitent certaines donn\u00e9es \u00e0 caract\u00e8re personnel pour compte d&#8217;Aspiravi S.A. et aux pouvoirs publics (pour autant que ceux-ci soient habilit\u00e9s en ce sens). Les donn\u00e9es \u00e0 caract\u00e8re personnel resteront \u00e0 tout moment au sein de l&#8217;UE et seront donc enti\u00e8rement couvertes par la protection juridique du RGPD. Elles ne seront \u00e9galement en aucun cas vendues ou transmises \u00e0 des tiers.<\/p>\n<p>Aspiravi S.A. garantit \u00e9galement que les destinataires susmentionn\u00e9s prendront les mesures techniques et organisationnelles de protection des donn\u00e9es \u00e0 caract\u00e8re personnel n\u00e9cessaires<\/p>\n<h2>Pouvez-vous g\u00e9rer vos donn\u00e9es \u00e0 caract\u00e8re personnel ?<\/h2>\n<p>Vous avez le droit de consulter, de modifier et de rectifier vos donn\u00e9es \u00e0 caract\u00e8re personnel, si cellesci sont incorrectes, incompl\u00e8tes ou plus pertinentes.<\/p>\n<p>Vous avez \u00e9galement \u00e0 tout moment le droit de faire supprimer vos donn\u00e9es \u00e0 caract\u00e8re personnel, d&#8217;en limiter le traitement et de vous opposer au traitement de vos donn\u00e9es \u00e0 caract\u00e8re personnel sur la base de l&#8217;article 6.1 (f) du R\u00e8glement g\u00e9n\u00e9ral sur le Protection des Donn\u00e9es.<\/p>\n<p>Vous avez \u00e9galement le droit d&#8217;obtenir une copie de vos donn\u00e9es \u00e0 caract\u00e8re personnel. Vous pouvez \u00e9galement nous contacter si vous ne souhaitez plus recevoir de courriels (de nature commerciale ou non) de la part d&#8217;Aspiravi S.A.<\/p>\n<p>Vous pouvez exercer les droits ci-dessus via <a href=\"mailto:info@aspiravi.be\">info@aspiravi.be<\/a> ou adresser une demande en ce sens \u00e0 Aspiravi S.A. via la page de contact de notre site internet, accompagn\u00e9e d&#8217;une preuve de votre identit\u00e9. Soyez toujours aussi pr\u00e9cis que possible si vous souhaitez exercer vos droits, afin qu&#8217;Aspiravi S.A. puisse traiter votre question de mani\u00e8re concr\u00e8te et correcte, conform\u00e9ment \u00e0 la l\u00e9gislation en vigueur.<\/p>\n<p>Toute personne a \u00e9galement le droit de d\u00e9poser une plainte aupr\u00e8s de l&#8217;Autorit\u00e9 de Protection des Donn\u00e9es (Commission belge de Protection de la Vie priv\u00e9e : <a href=\"mailto:commission@privacycommission.be\">commission@privacycommission.be<\/a>).<\/p>\n<h2>Mesures de protection et de s\u00e9curit\u00e9<\/h2>\n<p>Conform\u00e9ment \u00e0 l&#8217;article 32 du R\u00e8glement g\u00e9n\u00e9ral sur la Protection des Donn\u00e9es, Aspiravi S.A. prend les mesures de s\u00e9curit\u00e9 administratives, techniques et physiques ad\u00e9quates en vue de prot\u00e9ger les donn\u00e9es \u00e0 caract\u00e8re personnel contre leur suppression involontaire ou illicite, la perte involontaire, les modifications non autoris\u00e9es, la divulgation ou l&#8217;acc\u00e8s non autoris\u00e9s, l&#8217;abus et toute autre forme de traitement illicite des donn\u00e9es \u00e0 caract\u00e8re personnel en notre possession.<\/p>\n<h2>Modifications<\/h2>\n<p>La pr\u00e9sente politique de respect de la vie priv\u00e9e peut \u00eatre modifi\u00e9e \u00e0 tout moment par Aspiravi S.A. Il appartient au visiteur ou \u00e0 l&#8217;utilisateur de consulter r\u00e9guli\u00e8rement cette politique de respect de la vie priv\u00e9e, dont la derni\u00e8re version sera toujours disponible sur cette page internet (derni\u00e8re modification en date du &#8230;).<\/p>\n","protected":false},"excerpt":{"rendered":"<p>Votre vie priv\u00e9e rev\u00eat une importance essentielle pour nous. En visitant et\/ou en utilisant ce site internet, vous fournissez des donn\u00e9es \u00e0 caract\u00e8re personnel comme expliqu\u00e9 plus en d\u00e9tail ci-dessous. [&hellip;]<\/p>\n","protected":false},"author":5,"featured_media":0,"parent":0,"menu_order":0,"comment_status":"closed","ping_status":"closed","template":"page-templates\/template-legal.php","meta":{"_acf_changed":false,"footnotes":""},"class_list":["post-23209","page","type-page","status-publish","hentry"],"acf":[],"yoast_head":"<!-- This site is optimized with the Yoast SEO plugin v27.3 - https:\/\/yoast.com\/product\/yoast-seo-wordpress\/ -->\n<title>Politique en mati\u00e8re de respect de la vie priv\u00e9e | Aspiravi<\/title>\n<meta name=\"robots\" content=\"index, follow, max-snippet:-1, max-image-preview:large, max-video-preview:-1\" \/>\n<link rel=\"canonical\" href=\"https:\/\/www.aspiravi.com\/fr\/politique-de-confidentialite\/\" \/>\n<meta property=\"og:locale\" content=\"fr_FR\" \/>\n<meta property=\"og:type\" content=\"article\" \/>\n<meta property=\"og:title\" content=\"Politique en mati\u00e8re de respect de la vie priv\u00e9e | Aspiravi\" \/>\n<meta property=\"og:description\" content=\"Votre vie priv\u00e9e rev\u00eat une importance essentielle pour nous. En visitant et\/ou en utilisant ce site internet, vous fournissez des donn\u00e9es \u00e0 caract\u00e8re personnel comme expliqu\u00e9 plus en d\u00e9tail ci-dessous. [&hellip;]\" \/>\n<meta property=\"og:url\" content=\"https:\/\/www.aspiravi.com\/fr\/politique-de-confidentialite\/\" \/>\n<meta property=\"og:site_name\" content=\"Aspiravi\" \/>\n<meta property=\"article:modified_time\" content=\"2025-12-17T16:58:44+00:00\" \/>\n<meta property=\"og:image\" content=\"https:\/\/www.aspiravi.com\/wp-content\/uploads\/2024\/01\/OG.jpg\" \/>\n\t<meta property=\"og:image:width\" content=\"2400\" \/>\n\t<meta property=\"og:image:height\" content=\"1350\" \/>\n\t<meta property=\"og:image:type\" content=\"image\/jpeg\" \/>\n<meta name=\"twitter:card\" content=\"summary_large_image\" \/>\n<meta name=\"twitter:label1\" content=\"Est. reading time\" \/>\n\t<meta name=\"twitter:data1\" content=\"5 minutes\" \/>\n<script type=\"application\/ld+json\" class=\"yoast-schema-graph\">{\"@context\":\"https:\\\/\\\/schema.org\",\"@graph\":[{\"@type\":\"WebPage\",\"@id\":\"https:\\\/\\\/www.aspiravi.com\\\/fr\\\/politique-de-confidentialite\\\/\",\"url\":\"https:\\\/\\\/www.aspiravi.com\\\/fr\\\/politique-de-confidentialite\\\/\",\"name\":\"Politique en mati\u00e8re de respect de la vie priv\u00e9e | Aspiravi\",\"isPartOf\":{\"@id\":\"https:\\\/\\\/www.aspiravi.com\\\/fr\\\/#website\"},\"datePublished\":\"2023-07-19T12:05:53+00:00\",\"dateModified\":\"2025-12-17T16:58:44+00:00\",\"breadcrumb\":{\"@id\":\"https:\\\/\\\/www.aspiravi.com\\\/fr\\\/politique-de-confidentialite\\\/#breadcrumb\"},\"inLanguage\":\"fr-FR\",\"potentialAction\":[{\"@type\":\"ReadAction\",\"target\":[\"https:\\\/\\\/www.aspiravi.com\\\/fr\\\/politique-de-confidentialite\\\/\"]}]},{\"@type\":\"BreadcrumbList\",\"@id\":\"https:\\\/\\\/www.aspiravi.com\\\/fr\\\/politique-de-confidentialite\\\/#breadcrumb\",\"itemListElement\":[{\"@type\":\"ListItem\",\"position\":1,\"name\":\"Home\",\"item\":\"https:\\\/\\\/www.aspiravi.com\\\/fr\\\/\"},{\"@type\":\"ListItem\",\"position\":2,\"name\":\"Politique en mati\u00e8re de respect de la vie priv\u00e9e\"}]},{\"@type\":\"WebSite\",\"@id\":\"https:\\\/\\\/www.aspiravi.com\\\/fr\\\/#website\",\"url\":\"https:\\\/\\\/www.aspiravi.com\\\/fr\\\/\",\"name\":\"Aspiravi\",\"description\":\"Jouw partner in 100% hernieuwbare energie\",\"publisher\":{\"@id\":\"https:\\\/\\\/www.aspiravi.com\\\/fr\\\/#organization\"},\"potentialAction\":[{\"@type\":\"SearchAction\",\"target\":{\"@type\":\"EntryPoint\",\"urlTemplate\":\"https:\\\/\\\/www.aspiravi.com\\\/fr\\\/?s={search_term_string}\"},\"query-input\":{\"@type\":\"PropertyValueSpecification\",\"valueRequired\":true,\"valueName\":\"search_term_string\"}}],\"inLanguage\":\"fr-FR\"},{\"@type\":\"Organization\",\"@id\":\"https:\\\/\\\/www.aspiravi.com\\\/fr\\\/#organization\",\"name\":\"Aspiravi\",\"url\":\"https:\\\/\\\/www.aspiravi.com\\\/fr\\\/\",\"logo\":{\"@type\":\"ImageObject\",\"inLanguage\":\"fr-FR\",\"@id\":\"https:\\\/\\\/www.aspiravi.com\\\/fr\\\/#\\\/schema\\\/logo\\\/image\\\/\",\"url\":\"https:\\\/\\\/www.aspiravi.com\\\/wp-content\\\/uploads\\\/2023\\\/08\\\/logo-aspiravi.svg\",\"contentUrl\":\"https:\\\/\\\/www.aspiravi.com\\\/wp-content\\\/uploads\\\/2023\\\/08\\\/logo-aspiravi.svg\",\"width\":1,\"height\":1,\"caption\":\"Aspiravi\"},\"image\":{\"@id\":\"https:\\\/\\\/www.aspiravi.com\\\/fr\\\/#\\\/schema\\\/logo\\\/image\\\/\"},\"sameAs\":[\"https:\\\/\\\/www.linkedin.com\\\/company\\\/aspiravi\\\/\",\"https:\\\/\\\/www.instagram.com\\\/aspiravi.be\\\/\"]}]}<\/script>\n<!-- \/ Yoast SEO plugin. -->","yoast_head_json":{"title":"Politique en mati\u00e8re de respect de la vie priv\u00e9e | Aspiravi","robots":{"index":"index","follow":"follow","max-snippet":"max-snippet:-1","max-image-preview":"max-image-preview:large","max-video-preview":"max-video-preview:-1"},"canonical":"https:\/\/www.aspiravi.com\/fr\/politique-de-confidentialite\/","og_locale":"fr_FR","og_type":"article","og_title":"Politique en mati\u00e8re de respect de la vie priv\u00e9e | Aspiravi","og_description":"Votre vie priv\u00e9e rev\u00eat une importance essentielle pour nous. En visitant et\/ou en utilisant ce site internet, vous fournissez des donn\u00e9es \u00e0 caract\u00e8re personnel comme expliqu\u00e9 plus en d\u00e9tail ci-dessous. [&hellip;]","og_url":"https:\/\/www.aspiravi.com\/fr\/politique-de-confidentialite\/","og_site_name":"Aspiravi","article_modified_time":"2025-12-17T16:58:44+00:00","og_image":[{"width":2400,"height":1350,"url":"https:\/\/www.aspiravi.com\/wp-content\/uploads\/2024\/01\/OG.jpg","type":"image\/jpeg"}],"twitter_card":"summary_large_image","twitter_misc":{"Est. reading time":"5 minutes"},"schema":{"@context":"https:\/\/schema.org","@graph":[{"@type":"WebPage","@id":"https:\/\/www.aspiravi.com\/fr\/politique-de-confidentialite\/","url":"https:\/\/www.aspiravi.com\/fr\/politique-de-confidentialite\/","name":"Politique en mati\u00e8re de respect de la vie priv\u00e9e | Aspiravi","isPartOf":{"@id":"https:\/\/www.aspiravi.com\/fr\/#website"},"datePublished":"2023-07-19T12:05:53+00:00","dateModified":"2025-12-17T16:58:44+00:00","breadcrumb":{"@id":"https:\/\/www.aspiravi.com\/fr\/politique-de-confidentialite\/#breadcrumb"},"inLanguage":"fr-FR","potentialAction":[{"@type":"ReadAction","target":["https:\/\/www.aspiravi.com\/fr\/politique-de-confidentialite\/"]}]},{"@type":"BreadcrumbList","@id":"https:\/\/www.aspiravi.com\/fr\/politique-de-confidentialite\/#breadcrumb","itemListElement":[{"@type":"ListItem","position":1,"name":"Home","item":"https:\/\/www.aspiravi.com\/fr\/"},{"@type":"ListItem","position":2,"name":"Politique en mati\u00e8re de respect de la vie priv\u00e9e"}]},{"@type":"WebSite","@id":"https:\/\/www.aspiravi.com\/fr\/#website","url":"https:\/\/www.aspiravi.com\/fr\/","name":"Aspiravi","description":"Jouw partner in 100% hernieuwbare energie","publisher":{"@id":"https:\/\/www.aspiravi.com\/fr\/#organization"},"potentialAction":[{"@type":"SearchAction","target":{"@type":"EntryPoint","urlTemplate":"https:\/\/www.aspiravi.com\/fr\/?s={search_term_string}"},"query-input":{"@type":"PropertyValueSpecification","valueRequired":true,"valueName":"search_term_string"}}],"inLanguage":"fr-FR"},{"@type":"Organization","@id":"https:\/\/www.aspiravi.com\/fr\/#organization","name":"Aspiravi","url":"https:\/\/www.aspiravi.com\/fr\/","logo":{"@type":"ImageObject","inLanguage":"fr-FR","@id":"https:\/\/www.aspiravi.com\/fr\/#\/schema\/logo\/image\/","url":"https:\/\/www.aspiravi.com\/wp-content\/uploads\/2023\/08\/logo-aspiravi.svg","contentUrl":"https:\/\/www.aspiravi.com\/wp-content\/uploads\/2023\/08\/logo-aspiravi.svg","width":1,"height":1,"caption":"Aspiravi"},"image":{"@id":"https:\/\/www.aspiravi.com\/fr\/#\/schema\/logo\/image\/"},"sameAs":["https:\/\/www.linkedin.com\/company\/aspiravi\/","https:\/\/www.instagram.com\/aspiravi.be\/"]}]}},"_links":{"self":[{"href":"https:\/\/www.aspiravi.com\/fr\/wp-json\/wp\/v2\/pages\/23209","targetHints":{"allow":["GET"]}}],"collection":[{"href":"https:\/\/www.aspiravi.com\/fr\/wp-json\/wp\/v2\/pages"}],"about":[{"href":"https:\/\/www.aspiravi.com\/fr\/wp-json\/wp\/v2\/types\/page"}],"author":[{"embeddable":true,"href":"https:\/\/www.aspiravi.com\/fr\/wp-json\/wp\/v2\/users\/5"}],"replies":[{"embeddable":true,"href":"https:\/\/www.aspiravi.com\/fr\/wp-json\/wp\/v2\/comments?post=23209"}],"version-history":[{"count":1,"href":"https:\/\/www.aspiravi.com\/fr\/wp-json\/wp\/v2\/pages\/23209\/revisions"}],"predecessor-version":[{"id":27951,"href":"https:\/\/www.aspiravi.com\/fr\/wp-json\/wp\/v2\/pages\/23209\/revisions\/27951"}],"wp:attachment":[{"href":"https:\/\/www.aspiravi.com\/fr\/wp-json\/wp\/v2\/media?parent=23209"}],"curies":[{"name":"wp","href":"https:\/\/api.w.org\/{rel}","templated":true}]}}