


{"id":22115,"date":"2023-08-01T05:23:04","date_gmt":"2023-08-01T03:23:04","guid":{"rendered":"https:\/\/www.aspiravi.com\/?page_id=22115"},"modified":"2026-01-27T11:59:04","modified_gmt":"2026-01-27T10:59:04","slug":"a-propos-d-aspiravi","status":"publish","type":"page","link":"https:\/\/www.aspiravi.com\/fr\/a-propos-d-aspiravi\/","title":{"rendered":"\u00c0 propos d\u2019Aspiravi"},"content":{"rendered":"","protected":false},"excerpt":{"rendered":"","protected":false},"author":5,"featured_media":23271,"parent":0,"menu_order":0,"comment_status":"closed","ping_status":"closed","template":"page-templates\/template-about.php","meta":{"_acf_changed":false,"footnotes":""},"class_list":["post-22115","page","type-page","status-publish","has-post-thumbnail","hentry"],"acf":[],"yoast_head":"<!-- This site is optimized with the Yoast SEO plugin v27.3 - https:\/\/yoast.com\/product\/yoast-seo-wordpress\/ -->\n<title>Partenaire local de l\u2019\u00e9nergie verte | Aspiravi<\/title>\n<meta name=\"description\" content=\"Dans le cadre de projets d\u2019\u00e9nergie renouvelable, nous cr\u00e9ons chez Aspiravi une politique \u00e9nerg\u00e9tique plus verte pour les entreprises, mais aussi un environnement plus durable pour les g\u00e9n\u00e9rations futures.\" \/>\n<meta name=\"robots\" content=\"index, follow, max-snippet:-1, max-image-preview:large, max-video-preview:-1\" \/>\n<link rel=\"canonical\" href=\"https:\/\/www.aspiravi.com\/fr\/a-propos-d-aspiravi\/\" \/>\n<meta property=\"og:locale\" content=\"fr_FR\" \/>\n<meta property=\"og:type\" content=\"article\" \/>\n<meta property=\"og:title\" content=\"Partenaire local de l\u2019\u00e9nergie verte | Aspiravi\" \/>\n<meta property=\"og:description\" content=\"Dans le cadre de projets d\u2019\u00e9nergie renouvelable, nous cr\u00e9ons chez Aspiravi une politique \u00e9nerg\u00e9tique plus verte pour les entreprises, mais aussi un environnement plus durable pour les g\u00e9n\u00e9rations futures.\" \/>\n<meta property=\"og:url\" content=\"https:\/\/www.aspiravi.com\/fr\/a-propos-d-aspiravi\/\" \/>\n<meta property=\"og:site_name\" content=\"Aspiravi\" \/>\n<meta property=\"article:modified_time\" content=\"2026-01-27T10:59:04+00:00\" \/>\n<meta property=\"og:image\" content=\"https:\/\/www.aspiravi.com\/wp-content\/uploads\/2024\/01\/Header-About-pagina.png\" \/>\n\t<meta property=\"og:image:width\" content=\"1520\" \/>\n\t<meta property=\"og:image:height\" content=\"854\" \/>\n\t<meta property=\"og:image:type\" content=\"image\/png\" \/>\n<meta name=\"twitter:card\" content=\"summary_large_image\" \/>\n<meta name=\"twitter:label1\" content=\"Est. reading time\" \/>\n\t<meta name=\"twitter:data1\" content=\"6 minutes\" \/>\n<script type=\"application\/ld+json\" class=\"yoast-schema-graph\">{\"@context\":\"https:\\\/\\\/schema.org\",\"@graph\":[{\"@type\":[\"WebPage\",\"AboutPage\"],\"@id\":\"https:\\\/\\\/www.aspiravi.com\\\/fr\\\/a-propos-d-aspiravi\\\/\",\"url\":\"https:\\\/\\\/www.aspiravi.com\\\/fr\\\/a-propos-d-aspiravi\\\/\",\"name\":\"Partenaire local de l\u2019\u00e9nergie verte | Aspiravi\",\"isPartOf\":{\"@id\":\"https:\\\/\\\/www.aspiravi.com\\\/fr\\\/#website\"},\"primaryImageOfPage\":{\"@id\":\"https:\\\/\\\/www.aspiravi.com\\\/fr\\\/a-propos-d-aspiravi\\\/#primaryimage\"},\"image\":{\"@id\":\"https:\\\/\\\/www.aspiravi.com\\\/fr\\\/a-propos-d-aspiravi\\\/#primaryimage\"},\"thumbnailUrl\":\"https:\\\/\\\/www.aspiravi.com\\\/wp-content\\\/uploads\\\/2024\\\/01\\\/Header-About-pagina.png\",\"datePublished\":\"2023-08-01T03:23:04+00:00\",\"dateModified\":\"2026-01-27T10:59:04+00:00\",\"description\":\"Dans le cadre de projets d\u2019\u00e9nergie renouvelable, nous cr\u00e9ons chez Aspiravi une politique \u00e9nerg\u00e9tique plus verte pour les entreprises, mais aussi un environnement plus durable pour les g\u00e9n\u00e9rations futures.\",\"breadcrumb\":{\"@id\":\"https:\\\/\\\/www.aspiravi.com\\\/fr\\\/a-propos-d-aspiravi\\\/#breadcrumb\"},\"inLanguage\":\"fr-FR\",\"potentialAction\":[{\"@type\":\"ReadAction\",\"target\":[\"https:\\\/\\\/www.aspiravi.com\\\/fr\\\/a-propos-d-aspiravi\\\/\"]}]},{\"@type\":\"ImageObject\",\"inLanguage\":\"fr-FR\",\"@id\":\"https:\\\/\\\/www.aspiravi.com\\\/fr\\\/a-propos-d-aspiravi\\\/#primaryimage\",\"url\":\"https:\\\/\\\/www.aspiravi.com\\\/wp-content\\\/uploads\\\/2024\\\/01\\\/Header-About-pagina.png\",\"contentUrl\":\"https:\\\/\\\/www.aspiravi.com\\\/wp-content\\\/uploads\\\/2024\\\/01\\\/Header-About-pagina.png\",\"width\":1520,\"height\":854},{\"@type\":\"BreadcrumbList\",\"@id\":\"https:\\\/\\\/www.aspiravi.com\\\/fr\\\/a-propos-d-aspiravi\\\/#breadcrumb\",\"itemListElement\":[{\"@type\":\"ListItem\",\"position\":1,\"name\":\"Home\",\"item\":\"https:\\\/\\\/www.aspiravi.com\\\/fr\\\/\"},{\"@type\":\"ListItem\",\"position\":2,\"name\":\"\u00c0 propos d\u2019Aspiravi\"}]},{\"@type\":\"WebSite\",\"@id\":\"https:\\\/\\\/www.aspiravi.com\\\/fr\\\/#website\",\"url\":\"https:\\\/\\\/www.aspiravi.com\\\/fr\\\/\",\"name\":\"Aspiravi\",\"description\":\"Jouw partner in 100% hernieuwbare energie\",\"publisher\":{\"@id\":\"https:\\\/\\\/www.aspiravi.com\\\/fr\\\/#organization\"},\"potentialAction\":[{\"@type\":\"SearchAction\",\"target\":{\"@type\":\"EntryPoint\",\"urlTemplate\":\"https:\\\/\\\/www.aspiravi.com\\\/fr\\\/?s={search_term_string}\"},\"query-input\":{\"@type\":\"PropertyValueSpecification\",\"valueRequired\":true,\"valueName\":\"search_term_string\"}}],\"inLanguage\":\"fr-FR\"},{\"@type\":\"Organization\",\"@id\":\"https:\\\/\\\/www.aspiravi.com\\\/fr\\\/#organization\",\"name\":\"Aspiravi\",\"url\":\"https:\\\/\\\/www.aspiravi.com\\\/fr\\\/\",\"logo\":{\"@type\":\"ImageObject\",\"inLanguage\":\"fr-FR\",\"@id\":\"https:\\\/\\\/www.aspiravi.com\\\/fr\\\/#\\\/schema\\\/logo\\\/image\\\/\",\"url\":\"https:\\\/\\\/www.aspiravi.com\\\/wp-content\\\/uploads\\\/2023\\\/08\\\/logo-aspiravi.svg\",\"contentUrl\":\"https:\\\/\\\/www.aspiravi.com\\\/wp-content\\\/uploads\\\/2023\\\/08\\\/logo-aspiravi.svg\",\"width\":1,\"height\":1,\"caption\":\"Aspiravi\"},\"image\":{\"@id\":\"https:\\\/\\\/www.aspiravi.com\\\/fr\\\/#\\\/schema\\\/logo\\\/image\\\/\"},\"sameAs\":[\"https:\\\/\\\/www.linkedin.com\\\/company\\\/aspiravi\\\/\",\"https:\\\/\\\/www.instagram.com\\\/aspiravi.be\\\/\"]}]}<\/script>\n<!-- \/ Yoast SEO plugin. -->","yoast_head_json":{"title":"Partenaire local de l\u2019\u00e9nergie verte | Aspiravi","description":"Dans le cadre de projets d\u2019\u00e9nergie renouvelable, nous cr\u00e9ons chez Aspiravi une politique \u00e9nerg\u00e9tique plus verte pour les entreprises, mais aussi un environnement plus durable pour les g\u00e9n\u00e9rations futures.","robots":{"index":"index","follow":"follow","max-snippet":"max-snippet:-1","max-image-preview":"max-image-preview:large","max-video-preview":"max-video-preview:-1"},"canonical":"https:\/\/www.aspiravi.com\/fr\/a-propos-d-aspiravi\/","og_locale":"fr_FR","og_type":"article","og_title":"Partenaire local de l\u2019\u00e9nergie verte | Aspiravi","og_description":"Dans le cadre de projets d\u2019\u00e9nergie renouvelable, nous cr\u00e9ons chez Aspiravi une politique \u00e9nerg\u00e9tique plus verte pour les entreprises, mais aussi un environnement plus durable pour les g\u00e9n\u00e9rations futures.","og_url":"https:\/\/www.aspiravi.com\/fr\/a-propos-d-aspiravi\/","og_site_name":"Aspiravi","article_modified_time":"2026-01-27T10:59:04+00:00","og_image":[{"width":1520,"height":854,"url":"https:\/\/www.aspiravi.com\/wp-content\/uploads\/2024\/01\/Header-About-pagina.png","type":"image\/png"}],"twitter_card":"summary_large_image","twitter_misc":{"Est. reading time":"6 minutes"},"schema":{"@context":"https:\/\/schema.org","@graph":[{"@type":["WebPage","AboutPage"],"@id":"https:\/\/www.aspiravi.com\/fr\/a-propos-d-aspiravi\/","url":"https:\/\/www.aspiravi.com\/fr\/a-propos-d-aspiravi\/","name":"Partenaire local de l\u2019\u00e9nergie verte | Aspiravi","isPartOf":{"@id":"https:\/\/www.aspiravi.com\/fr\/#website"},"primaryImageOfPage":{"@id":"https:\/\/www.aspiravi.com\/fr\/a-propos-d-aspiravi\/#primaryimage"},"image":{"@id":"https:\/\/www.aspiravi.com\/fr\/a-propos-d-aspiravi\/#primaryimage"},"thumbnailUrl":"https:\/\/www.aspiravi.com\/wp-content\/uploads\/2024\/01\/Header-About-pagina.png","datePublished":"2023-08-01T03:23:04+00:00","dateModified":"2026-01-27T10:59:04+00:00","description":"Dans le cadre de projets d\u2019\u00e9nergie renouvelable, nous cr\u00e9ons chez Aspiravi une politique \u00e9nerg\u00e9tique plus verte pour les entreprises, mais aussi un environnement plus durable pour les g\u00e9n\u00e9rations futures.","breadcrumb":{"@id":"https:\/\/www.aspiravi.com\/fr\/a-propos-d-aspiravi\/#breadcrumb"},"inLanguage":"fr-FR","potentialAction":[{"@type":"ReadAction","target":["https:\/\/www.aspiravi.com\/fr\/a-propos-d-aspiravi\/"]}]},{"@type":"ImageObject","inLanguage":"fr-FR","@id":"https:\/\/www.aspiravi.com\/fr\/a-propos-d-aspiravi\/#primaryimage","url":"https:\/\/www.aspiravi.com\/wp-content\/uploads\/2024\/01\/Header-About-pagina.png","contentUrl":"https:\/\/www.aspiravi.com\/wp-content\/uploads\/2024\/01\/Header-About-pagina.png","width":1520,"height":854},{"@type":"BreadcrumbList","@id":"https:\/\/www.aspiravi.com\/fr\/a-propos-d-aspiravi\/#breadcrumb","itemListElement":[{"@type":"ListItem","position":1,"name":"Home","item":"https:\/\/www.aspiravi.com\/fr\/"},{"@type":"ListItem","position":2,"name":"\u00c0 propos d\u2019Aspiravi"}]},{"@type":"WebSite","@id":"https:\/\/www.aspiravi.com\/fr\/#website","url":"https:\/\/www.aspiravi.com\/fr\/","name":"Aspiravi","description":"Jouw partner in 100% hernieuwbare energie","publisher":{"@id":"https:\/\/www.aspiravi.com\/fr\/#organization"},"potentialAction":[{"@type":"SearchAction","target":{"@type":"EntryPoint","urlTemplate":"https:\/\/www.aspiravi.com\/fr\/?s={search_term_string}"},"query-input":{"@type":"PropertyValueSpecification","valueRequired":true,"valueName":"search_term_string"}}],"inLanguage":"fr-FR"},{"@type":"Organization","@id":"https:\/\/www.aspiravi.com\/fr\/#organization","name":"Aspiravi","url":"https:\/\/www.aspiravi.com\/fr\/","logo":{"@type":"ImageObject","inLanguage":"fr-FR","@id":"https:\/\/www.aspiravi.com\/fr\/#\/schema\/logo\/image\/","url":"https:\/\/www.aspiravi.com\/wp-content\/uploads\/2023\/08\/logo-aspiravi.svg","contentUrl":"https:\/\/www.aspiravi.com\/wp-content\/uploads\/2023\/08\/logo-aspiravi.svg","width":1,"height":1,"caption":"Aspiravi"},"image":{"@id":"https:\/\/www.aspiravi.com\/fr\/#\/schema\/logo\/image\/"},"sameAs":["https:\/\/www.linkedin.com\/company\/aspiravi\/","https:\/\/www.instagram.com\/aspiravi.be\/"]}]}},"_links":{"self":[{"href":"https:\/\/www.aspiravi.com\/fr\/wp-json\/wp\/v2\/pages\/22115","targetHints":{"allow":["GET"]}}],"collection":[{"href":"https:\/\/www.aspiravi.com\/fr\/wp-json\/wp\/v2\/pages"}],"about":[{"href":"https:\/\/www.aspiravi.com\/fr\/wp-json\/wp\/v2\/types\/page"}],"author":[{"embeddable":true,"href":"https:\/\/www.aspiravi.com\/fr\/wp-json\/wp\/v2\/users\/5"}],"replies":[{"embeddable":true,"href":"https:\/\/www.aspiravi.com\/fr\/wp-json\/wp\/v2\/comments?post=22115"}],"version-history":[{"count":5,"href":"https:\/\/www.aspiravi.com\/fr\/wp-json\/wp\/v2\/pages\/22115\/revisions"}],"predecessor-version":[{"id":27979,"href":"https:\/\/www.aspiravi.com\/fr\/wp-json\/wp\/v2\/pages\/22115\/revisions\/27979"}],"wp:featuredmedia":[{"embeddable":true,"href":"https:\/\/www.aspiravi.com\/fr\/wp-json\/wp\/v2\/media\/23271"}],"wp:attachment":[{"href":"https:\/\/www.aspiravi.com\/fr\/wp-json\/wp\/v2\/media?parent=22115"}],"curies":[{"name":"wp","href":"https:\/\/api.w.org\/{rel}","templated":true}]}}