


{"id":23227,"date":"2023-08-21T13:42:04","date_gmt":"2023-08-21T11:42:04","guid":{"rendered":"https:\/\/www.aspiravi.com\/disclaimer\/"},"modified":"2025-12-17T18:01:09","modified_gmt":"2025-12-17T17:01:09","slug":"disclaimer","status":"publish","type":"page","link":"https:\/\/www.aspiravi.com\/es\/disclaimer\/","title":{"rendered":"Disclaimer"},"content":{"rendered":"<p><strong>\u00c1mbito de aplicaci\u00f3n y datos de contacto<\/strong><\/p>\n<p>Este Aviso Legal se dirige al uso que usted haga del sitio web <a href=\"https:\/\/www.aspiravi.com\/es\/\">www.aspiravi.com<\/a> que opera Aspiravi (en adelante, el &#8220;<strong>Sitio Web<\/strong>&#8220;).<\/p>\n<p>El Sitio Web es propiedad de Aspiravi, sociedad an\u00f3nima (\u201c<em>soci\u00e9t\u00e9 anonyme<\/em>\u201d\/ \u201c<em>naamloze vennootschap<\/em>\u201d) constituida con arreglo al derecho de B\u00e9lgica, con sede en President Kennedypark 8A bus 1, 8500 Kortrijk, (B\u00e9lgica) e inscrita en el registro con el n\u00famero de sociedad 0477.518.825 (&#8220;<strong>Aspiravi<\/strong>&#8220;).<\/p>\n<p>Antes de usar el Sitio Web, le rogamos que lea este Aviso Legal, la Pol\u00edtica de Privacidad (<a href=\"https:\/\/www.aspiravi.com\/es\/privacy-policy\/\">https:\/\/www.aspiravi.com\/privacybeleid<\/a>) y la Pol\u00edtica de <em>Cookies<\/em> (https:\/\/www.aspiravi.com\/cookie-policy). Al acceder o utilizar el Sitio Web, usted acepta de forma expresa el contenido de este Aviso Legal, la Pol\u00edtica de Privacidad y la Pol\u00edtica de <em>Cookies<\/em>. Si, despu\u00e9s de leer este Aviso Legal, la Pol\u00edtica de Privacidad o la Pol\u00edtica de <em>Cookies<\/em>, no est\u00e1 de acuerdo con su contenido, le rogamos que no siga utilizando el Sitio Web.<\/p>\n<p>Si desea recibir m\u00e1s informaci\u00f3n o hacernos alg\u00fan comentario, puede ponerse en contacto con Aspiravi en la direcci\u00f3n antes indicada o en info@aspiravi.com.<\/p>\n<p><strong>Car\u00e1cter de la informaci\u00f3n<\/strong><\/p>\n<p>La informaci\u00f3n del Sitio Web es de car\u00e1cter general. Esta informaci\u00f3n no confiere ninguna clase de derecho al visitante\/usuario. Salvo que se indique otra cosa, la informaci\u00f3n proporcionada en el Sitio Web no constituye en modo alguno una oferta de servicios o productos.<\/p>\n<p><strong>Uso del Sitio Web <\/strong><\/p>\n<p>Los visitantes\/usuarios no deben usar el Sitio Web con fines il\u00edcitos o comerciales. Solo pueden utilizar el Sitio Web para recabar informaci\u00f3n \u00fatil sobre Aspiravi.<\/p>\n<p>Se proh\u00edbe a los visitantes\/usuarios utilizar programas inform\u00e1ticos u otros medios (t\u00e9cnicos o de otro tipo) con el objetivo de controlar o copiar el Sitio Web o su contenido, de perturbar, interrumpir o entorpecer el funcionamiento del Sitio Web (por ejemplo, mediante virus inform\u00e1ticos), o de sobrecargar de manera intencionada el Sitio Web o perturbar su eficacia o funcionalidad. Asimismo, se proh\u00edbe publicar o difundir de cualquier modo toda clase de materiales que tengan car\u00e1cter difamatorio, ofensivo u obsceno, que puedan causar molestias o inconvenientes, que sean vejatorios o que vulneren los derechos de terceros. Todo uso no autorizado del Sitio Web que vulnere la legislaci\u00f3n aplicable o este Aviso Legal puede ser objeto de enjuiciamiento y sanci\u00f3n.<\/p>\n<p><strong>Responsabilidad de Aspiravi <\/strong><\/p>\n<ol>\n<li><em><strong> Contenido del Sitio Web<\/strong><\/em><\/li>\n<\/ol>\n<p>Nos esforzamos en gran medida para que la informaci\u00f3n facilitada en el Sitio Web est\u00e9 actualizada y sea completa, correcta y exacta. Sin embargo, es posible que en el Sitio Web haya incorrecciones a pesar de estos esfuerzos. El Sitio Web se ofrece tal cual y el uso de la informaci\u00f3n contenida en el Sitio Web es, en cualquier caso, por cuenta y riesgo del visitante\/usuario. Aspiravi anima a los visitantes\/usuarios a que le comuniquen las inexactitudes o incorrecciones que detecten por medio de los datos de contacto especificados al inicio. Se adoptar\u00e1n entonces las medidas razonables que sean necesarias para subsanar las inexactitudes o incorrecciones lo antes posible.<\/p>\n<p>Aspiravi no responder\u00e1 en ning\u00fan caso o circunstancia, directa o indirectamente, de forma general o espec\u00edfica, de los da\u00f1os y perjuicios que se deriven del uso del Sitio Web o de otros sitios a los que se facilite su enlace. Aspiravi tampoco se hace responsable de los da\u00f1os y perjuicios que sean consecuencia del posible mal funcionamiento, errores o interrupciones del Sitio Web. Los visitantes\/usuarios reconocen que el contenido del Sitio Web puede ser objeto de adaptaci\u00f3n, modificaci\u00f3n o ampliaci\u00f3n en todo momento y sin previo aviso o notificaci\u00f3n.<\/p>\n<ol start=\"2\">\n<li><em><strong> Funcionalidad del Sitio Web<\/strong><\/em><\/li>\n<\/ol>\n<p>Aspiravi se esforzar\u00e1 con car\u00e1cter razonable para garantizar el mantenimiento del Sitio Web y velar\u00e1 por asegurar la funcionalidad del Sitio Web de la mejor manera posible. Adem\u00e1s, adoptar\u00e1 las medidas t\u00e9cnicas de seguridad que sean necesarias para ello.<\/p>\n<p>Naturalmente, el Sitio Web est\u00e1 sujeto a modificaciones peri\u00f3dicas. Aspiravi se reserva el derecho a modificar o suspender el Sitio Web (o parte de este, incluso todas sus funcionalidades) con car\u00e1cter temporal o permanente sin incurrir en responsabilidad alguna por ello. Los visitantes\/usuarios no tendr\u00e1n derecho a recibir ninguna clase de indemnizaci\u00f3n si por cualquier motivo no pueden utilizar, total o parcialmente, el Sitio Web a causa de posibles errores, aver\u00edas o suspensi\u00f3n del Sitio Web o partes de este.<\/p>\n<ol start=\"3\">\n<li><em><strong> Limitaci\u00f3n de responsabilidad<\/strong><\/em><\/li>\n<\/ol>\n<p>Aspiravi no se hace responsable de los actos, omisiones o negligencias que realicen terceros (por ejemplo, otros usuarios o socios publicitarios) en el Sitio Web o en relaci\u00f3n con \u00e9l, ni de los productos o servicios ofrecidos en otros sitios web a los que el Sitio Web enlace o que est\u00e9n vinculados de alg\u00fan modo con el Sitio Web. Por tanto, las reclamaciones a este respecto deber\u00e1n presentarse directamente al tercero en cuesti\u00f3n y no a Aspiravi.<\/p>\n<p>Aspiravi solo se hace responsable de los da\u00f1os y perjuicios originados por el contenido o el funcionamiento del Sitio Web de conformidad con las disposiciones legales aplicables: (i) en caso de muerte o da\u00f1os corporales causados por el incumplimiento intencionado o negligente de las obligaciones por parte de Aspiravi, o (ii) en caso de da\u00f1os y perjuicios causados por la falta intencionada, fraude o enga\u00f1o por parte de Aspiravi, o en caso de culpa grave.<\/p>\n<p>En cualquier caso, Aspiravi solo responder\u00e1 de los da\u00f1os y perjuicios directos, con exclusi\u00f3n de los da\u00f1os y perjuicios indirectos o consecuentes que puedan producirse (incluidos, a t\u00edtulo de ejemplo, lucro cesante, p\u00e9rdidas de ingresos o p\u00e9rdidas puramente econ\u00f3micas).<\/p>\n<p>Aspiravi no responder\u00e1 en ninguna circunstancia de casos de fuerza mayor, incluidos, a t\u00edtulo de ejemplo, cat\u00e1strofes naturales, disturbios, guerras y acciones militares, temporales o emergencias de \u00e1mbito nacional o local, actos u omisiones del Gobierno, conflictos econ\u00f3micos de cualquier tipo, movilizaciones de trabajadores, incendios, aver\u00edas en las telecomunicaciones, errores en programas inform\u00e1ticos de terceros, as\u00ed como actos u omisiones de personas o entidades que sean ajenas al control razonable de Aspiravi.<\/p>\n<p><strong>Propiedad intelectual<\/strong><\/p>\n<p>Tanto los textos, dise\u00f1os, gr\u00e1ficos, im\u00e1genes y logotipos que se utilizan en el Sitio Web como los programas inform\u00e1ticos que se emplean para su funcionamiento est\u00e1n protegidos por derechos de autor o de marcas. El Sitio Web est\u00e1 destinado al uso personal de los visitantes\/usuarios. Se proh\u00edbe la reproducci\u00f3n de las p\u00e1ginas web, salvo que sea mediante la descarga y visualizaci\u00f3n de la informaci\u00f3n en un ordenador o su impresi\u00f3n en un soporte duradero en el marco de uso normal del Sitio Web. Se proh\u00edbe utilizar (o reutilizar) o reproducir de cualquier forma el contenido del Sitio Web protegido por derechos de autor o de marcas, como son, por ejemplo, datos, im\u00e1genes, textos, sonidos, logotipos, etc., as\u00ed como eliminar o modificar de cualquier modo los avisos sobre propiedad intelectual sin el consentimiento expreso, previo y por escrito de Aspiravi. En cualquier caso, se proh\u00edbe configurar <em>enlaces profundos<\/em> al Sitio Web en otras p\u00e1ginas web o enmarcar el Sitio Web en otras p\u00e1ginas web sin el consentimiento previo, expreso y por escrito de Aspiravi.<\/p>\n<p><strong>Enlaces a\/desde sitios web de terceros<\/strong><\/p>\n<p>El Sitio Web contiene enlaces a sitios web de terceros. Aspiravi no ejerce ning\u00fan control sobre el contenido de esos sitios web y, por tanto, no es responsable de su contenido, funcionamiento o pol\u00edtica de privacidad. Si se producen da\u00f1os o perjuicios por visitar sitios web de terceros, la responsabilidad recaer\u00e1 exclusivamente en el autor de las p\u00e1ginas web en cuesti\u00f3n.<\/p>\n<p>Tambi\u00e9n es posible que otros sitios web contengan enlaces al Sitio Web. Con todo, eso no significa que Aspiravi ejerza alg\u00fan control sobre (el contenido de) esos sitios web. Aspiravi no se hace responsable del contenido, funcionamiento o pol\u00edtica de privacidad de los sitios web mencionados.<\/p>\n<p><strong>Modificaciones<\/strong><\/p>\n<p>Aspiravi se reserva el derecho a modificar este Aviso Legal en cada momento. El visitante\/usuario del Sitio Web tiene la responsabilidad de revisar peri\u00f3dicamente el Aviso Legal vigente y cumplir el contenido de su \u00faltima versi\u00f3n. Si el usuario sigue utilizando el Sitio Web (o partes de este) despu\u00e9s de la entrada en vigor de una modificaci\u00f3n, se considerar\u00e1 que acepta la versi\u00f3n modificada del Aviso Legal.<\/p>\n<p>Este Aviso Legal se ha modificado por \u00faltima vez el 23 de enero de 2024.<\/p>\n<p>Las nuevas funcionalidades del Sitio Web quedan sujetas autom\u00e1ticamente a este Aviso Legal.<\/p>\n<p><strong>Derecho aplicable y jurisdicci\u00f3n competente<\/strong><\/p>\n<p>Este Aviso Legal se rige por el derecho de B\u00e9lgica y debe interpretarse y aplicarse en consecuencia. No producir\u00e1n efectos otras elecciones del derecho aplicable que puedan suponer la aplicaci\u00f3n de la legislaci\u00f3n de otro pa\u00eds, sin perjuicio de las normas imperativas en materia de contratos con consumidores.<\/p>\n<p>En caso de conflicto sobre la validez, interpretaci\u00f3n, aplicaci\u00f3n o ejecuci\u00f3n de este Aviso Legal, los \u00f3rganos jurisdiccionales de Kortrijk (B\u00e9lgica) tendr\u00e1n competencia exclusiva para conocer de tales asuntos, sin perjuicio de las normas imperativas en materia de contratos con consumidores.<\/p>\n<p>&nbsp;<\/p>\n","protected":false},"excerpt":{"rendered":"<p>\u00c1mbito de aplicaci\u00f3n y datos de contacto Este Aviso Legal se dirige al uso que usted haga del sitio web www.aspiravi.com que opera Aspiravi (en adelante, el &#8220;Sitio Web&#8220;). El [&hellip;]<\/p>\n","protected":false},"author":5,"featured_media":0,"parent":0,"menu_order":0,"comment_status":"closed","ping_status":"closed","template":"page-templates\/template-legal.php","meta":{"_acf_changed":false,"footnotes":""},"class_list":["post-23227","page","type-page","status-publish","hentry"],"acf":[],"yoast_head":"<!-- This site is optimized with the Yoast SEO plugin v27.3 - https:\/\/yoast.com\/product\/yoast-seo-wordpress\/ -->\n<title>Disclaimer | Aspiravi<\/title>\n<meta name=\"robots\" content=\"index, follow, max-snippet:-1, max-image-preview:large, max-video-preview:-1\" \/>\n<link rel=\"canonical\" href=\"https:\/\/www.aspiravi.com\/es\/disclaimer\/\" \/>\n<meta property=\"og:locale\" content=\"es_ES\" \/>\n<meta property=\"og:type\" content=\"article\" \/>\n<meta property=\"og:title\" content=\"Disclaimer | Aspiravi\" \/>\n<meta property=\"og:description\" content=\"\u00c1mbito de aplicaci\u00f3n y datos de contacto Este Aviso Legal se dirige al uso que usted haga del sitio web www.aspiravi.com que opera Aspiravi (en adelante, el &#8220;Sitio Web&#8220;). El [&hellip;]\" \/>\n<meta property=\"og:url\" content=\"https:\/\/www.aspiravi.com\/es\/disclaimer\/\" \/>\n<meta property=\"og:site_name\" content=\"Aspiravi\" \/>\n<meta property=\"article:modified_time\" content=\"2025-12-17T17:01:09+00:00\" \/>\n<meta property=\"og:image\" content=\"https:\/\/www.aspiravi.com\/wp-content\/uploads\/2024\/01\/OG.jpg\" \/>\n\t<meta property=\"og:image:width\" content=\"2400\" \/>\n\t<meta property=\"og:image:height\" content=\"1350\" \/>\n\t<meta property=\"og:image:type\" content=\"image\/jpeg\" \/>\n<meta name=\"twitter:card\" content=\"summary_large_image\" \/>\n<meta name=\"twitter:label1\" content=\"Est. reading time\" \/>\n\t<meta name=\"twitter:data1\" content=\"7 minutes\" \/>\n<script type=\"application\/ld+json\" class=\"yoast-schema-graph\">{\"@context\":\"https:\\\/\\\/schema.org\",\"@graph\":[{\"@type\":\"WebPage\",\"@id\":\"https:\\\/\\\/www.aspiravi.com\\\/es\\\/disclaimer\\\/\",\"url\":\"https:\\\/\\\/www.aspiravi.com\\\/es\\\/disclaimer\\\/\",\"name\":\"Disclaimer | Aspiravi\",\"isPartOf\":{\"@id\":\"https:\\\/\\\/www.aspiravi.com\\\/es\\\/#website\"},\"datePublished\":\"2023-08-21T11:42:04+00:00\",\"dateModified\":\"2025-12-17T17:01:09+00:00\",\"breadcrumb\":{\"@id\":\"https:\\\/\\\/www.aspiravi.com\\\/es\\\/disclaimer\\\/#breadcrumb\"},\"inLanguage\":\"es-ES\",\"potentialAction\":[{\"@type\":\"ReadAction\",\"target\":[\"https:\\\/\\\/www.aspiravi.com\\\/es\\\/disclaimer\\\/\"]}]},{\"@type\":\"BreadcrumbList\",\"@id\":\"https:\\\/\\\/www.aspiravi.com\\\/es\\\/disclaimer\\\/#breadcrumb\",\"itemListElement\":[{\"@type\":\"ListItem\",\"position\":1,\"name\":\"Home\",\"item\":\"https:\\\/\\\/www.aspiravi.com\\\/es\\\/\"},{\"@type\":\"ListItem\",\"position\":2,\"name\":\"Disclaimer\"}]},{\"@type\":\"WebSite\",\"@id\":\"https:\\\/\\\/www.aspiravi.com\\\/es\\\/#website\",\"url\":\"https:\\\/\\\/www.aspiravi.com\\\/es\\\/\",\"name\":\"Aspiravi\",\"description\":\"Jouw partner in 100% hernieuwbare energie\",\"publisher\":{\"@id\":\"https:\\\/\\\/www.aspiravi.com\\\/es\\\/#organization\"},\"potentialAction\":[{\"@type\":\"SearchAction\",\"target\":{\"@type\":\"EntryPoint\",\"urlTemplate\":\"https:\\\/\\\/www.aspiravi.com\\\/es\\\/?s={search_term_string}\"},\"query-input\":{\"@type\":\"PropertyValueSpecification\",\"valueRequired\":true,\"valueName\":\"search_term_string\"}}],\"inLanguage\":\"es-ES\"},{\"@type\":\"Organization\",\"@id\":\"https:\\\/\\\/www.aspiravi.com\\\/es\\\/#organization\",\"name\":\"Aspiravi\",\"url\":\"https:\\\/\\\/www.aspiravi.com\\\/es\\\/\",\"logo\":{\"@type\":\"ImageObject\",\"inLanguage\":\"es-ES\",\"@id\":\"https:\\\/\\\/www.aspiravi.com\\\/es\\\/#\\\/schema\\\/logo\\\/image\\\/\",\"url\":\"https:\\\/\\\/www.aspiravi.com\\\/wp-content\\\/uploads\\\/2023\\\/08\\\/logo-aspiravi.svg\",\"contentUrl\":\"https:\\\/\\\/www.aspiravi.com\\\/wp-content\\\/uploads\\\/2023\\\/08\\\/logo-aspiravi.svg\",\"width\":1,\"height\":1,\"caption\":\"Aspiravi\"},\"image\":{\"@id\":\"https:\\\/\\\/www.aspiravi.com\\\/es\\\/#\\\/schema\\\/logo\\\/image\\\/\"},\"sameAs\":[\"https:\\\/\\\/www.linkedin.com\\\/company\\\/aspiravi\\\/\",\"https:\\\/\\\/www.instagram.com\\\/aspiravi.be\\\/\"]}]}<\/script>\n<!-- \/ Yoast SEO plugin. -->","yoast_head_json":{"title":"Disclaimer | Aspiravi","robots":{"index":"index","follow":"follow","max-snippet":"max-snippet:-1","max-image-preview":"max-image-preview:large","max-video-preview":"max-video-preview:-1"},"canonical":"https:\/\/www.aspiravi.com\/es\/disclaimer\/","og_locale":"es_ES","og_type":"article","og_title":"Disclaimer | Aspiravi","og_description":"\u00c1mbito de aplicaci\u00f3n y datos de contacto Este Aviso Legal se dirige al uso que usted haga del sitio web www.aspiravi.com que opera Aspiravi (en adelante, el &#8220;Sitio Web&#8220;). El [&hellip;]","og_url":"https:\/\/www.aspiravi.com\/es\/disclaimer\/","og_site_name":"Aspiravi","article_modified_time":"2025-12-17T17:01:09+00:00","og_image":[{"width":2400,"height":1350,"url":"https:\/\/www.aspiravi.com\/wp-content\/uploads\/2024\/01\/OG.jpg","type":"image\/jpeg"}],"twitter_card":"summary_large_image","twitter_misc":{"Est. reading time":"7 minutes"},"schema":{"@context":"https:\/\/schema.org","@graph":[{"@type":"WebPage","@id":"https:\/\/www.aspiravi.com\/es\/disclaimer\/","url":"https:\/\/www.aspiravi.com\/es\/disclaimer\/","name":"Disclaimer | Aspiravi","isPartOf":{"@id":"https:\/\/www.aspiravi.com\/es\/#website"},"datePublished":"2023-08-21T11:42:04+00:00","dateModified":"2025-12-17T17:01:09+00:00","breadcrumb":{"@id":"https:\/\/www.aspiravi.com\/es\/disclaimer\/#breadcrumb"},"inLanguage":"es-ES","potentialAction":[{"@type":"ReadAction","target":["https:\/\/www.aspiravi.com\/es\/disclaimer\/"]}]},{"@type":"BreadcrumbList","@id":"https:\/\/www.aspiravi.com\/es\/disclaimer\/#breadcrumb","itemListElement":[{"@type":"ListItem","position":1,"name":"Home","item":"https:\/\/www.aspiravi.com\/es\/"},{"@type":"ListItem","position":2,"name":"Disclaimer"}]},{"@type":"WebSite","@id":"https:\/\/www.aspiravi.com\/es\/#website","url":"https:\/\/www.aspiravi.com\/es\/","name":"Aspiravi","description":"Jouw partner in 100% hernieuwbare energie","publisher":{"@id":"https:\/\/www.aspiravi.com\/es\/#organization"},"potentialAction":[{"@type":"SearchAction","target":{"@type":"EntryPoint","urlTemplate":"https:\/\/www.aspiravi.com\/es\/?s={search_term_string}"},"query-input":{"@type":"PropertyValueSpecification","valueRequired":true,"valueName":"search_term_string"}}],"inLanguage":"es-ES"},{"@type":"Organization","@id":"https:\/\/www.aspiravi.com\/es\/#organization","name":"Aspiravi","url":"https:\/\/www.aspiravi.com\/es\/","logo":{"@type":"ImageObject","inLanguage":"es-ES","@id":"https:\/\/www.aspiravi.com\/es\/#\/schema\/logo\/image\/","url":"https:\/\/www.aspiravi.com\/wp-content\/uploads\/2023\/08\/logo-aspiravi.svg","contentUrl":"https:\/\/www.aspiravi.com\/wp-content\/uploads\/2023\/08\/logo-aspiravi.svg","width":1,"height":1,"caption":"Aspiravi"},"image":{"@id":"https:\/\/www.aspiravi.com\/es\/#\/schema\/logo\/image\/"},"sameAs":["https:\/\/www.linkedin.com\/company\/aspiravi\/","https:\/\/www.instagram.com\/aspiravi.be\/"]}]}},"_links":{"self":[{"href":"https:\/\/www.aspiravi.com\/es\/wp-json\/wp\/v2\/pages\/23227","targetHints":{"allow":["GET"]}}],"collection":[{"href":"https:\/\/www.aspiravi.com\/es\/wp-json\/wp\/v2\/pages"}],"about":[{"href":"https:\/\/www.aspiravi.com\/es\/wp-json\/wp\/v2\/types\/page"}],"author":[{"embeddable":true,"href":"https:\/\/www.aspiravi.com\/es\/wp-json\/wp\/v2\/users\/5"}],"replies":[{"embeddable":true,"href":"https:\/\/www.aspiravi.com\/es\/wp-json\/wp\/v2\/comments?post=23227"}],"version-history":[{"count":1,"href":"https:\/\/www.aspiravi.com\/es\/wp-json\/wp\/v2\/pages\/23227\/revisions"}],"predecessor-version":[{"id":27955,"href":"https:\/\/www.aspiravi.com\/es\/wp-json\/wp\/v2\/pages\/23227\/revisions\/27955"}],"wp:attachment":[{"href":"https:\/\/www.aspiravi.com\/es\/wp-json\/wp\/v2\/media?parent=23227"}],"curies":[{"name":"wp","href":"https:\/\/api.w.org\/{rel}","templated":true}]}}